{"id":8093,"date":"2022-10-28T13:19:50","date_gmt":"2022-10-28T13:19:50","guid":{"rendered":"https:\/\/musicalite.net\/?page_id=8093"},"modified":"2023-05-17T19:26:01","modified_gmt":"2023-05-17T19:26:01","slug":"home","status":"publish","type":"page","link":"https:\/\/musicalite.net\/es\/","title":{"rendered":"Home"},"content":{"rendered":"\n\n\tM\u00fasica y movimiento<br \/>\nUna herramienta poderosa al servicio del desarrollo global de los ni\u00f1os\n\t\t\t<a href=\"https:\/\/musicalite.net\/es\/guarderias\/\" target=\"_self\" role=\"button\" rel=\"noopener\">\n\t\t\t\t\t\t\tGuarder\u00edas y colegios\n\t\t\t\t\t<\/a>\n\t\t\t<a href=\"https:\/\/toutoui.musicalite.net\/\" target=\"_blank\" role=\"button\" rel=\"noopener\">\n\t\t\t\t\t\t\tFamilias y profesores\n\t\t\t\t\t<\/a>\n<h1>\n\t\tExplorar el lenguaje de la m\u00fasica en acci\u00f3n\n\t<\/h1>\n\t<p>Concebimos experiencias musicales para ni\u00f1os de 0 \u00e0 6 a\u00f1os, construidas sobre un aprendizaje natural y org\u00e1nico de la m\u00fasica, vivido a trav\u00e9s del\u00a0cuerpo en movimiento.<\/p>\n\t\t\t\t<img src=\"https:\/\/toutoui.musicalite.net\/wp-content\/uploads\/2022\/01\/renard-190221-128-2.jpg\" alt=\"\" itemprop=\"image\" onerror=\"this.style.display='none'\"  \/>\n\t\t\t\t<img src=\"https:\/\/toutoui.musicalite.net\/wp-content\/uploads\/2022\/01\/IMG_2775-scaled.jpg\" alt=\"\" itemprop=\"image\" onerror=\"this.style.display='none'\"  \/>\n<h1>\n\t\tVivir una experiencia colectiva\n\t<\/h1>\n\t<p>En nuestros cursos cada ni\u00f1o participa activamente, jugando un rol principal en su proceso de aprendizaje. M\u00e1s all\u00e1, avorecemos la interacci\u00f3n con sus pares invit\u00e1ndolos a explorar juntos espacios y lugares comunes.<\/p>\n<h1>\n\t\tEscuchar una m\u00fasica original y diversa\n\t<\/h1>\n\t<p>Nuestro <a href=\"https:\/\/musicalite.net\/es\/release\/musicachicos\/\">m\u00fasica<\/a> es rica en ritmos contempor\u00e1neos y compuesta con una estructura simple para facilitar el entendimiento y aprehensi\u00f3n por parte de los ni\u00f1os. Esta m\u00fasica invita a los ni\u00f1os a moverse y bailar con gracia!<\/p>\n\t\t\t\t<a href=\"https:\/\/music.apple.com\/us\/album\/feuilles-et-gouttes\/1594985890\" target=\"_self\" itemprop=\"url\" rel=\"noopener\">\n\t\t\t\t<img src=\"https:\/\/toutoui.musicalite.net\/wp-content\/uploads\/2021\/11\/4.jpg\" alt=\"\" itemprop=\"image\" onerror=\"this.style.display='none'\"  \/>\n\t\t\t\t<\/a>\n\t\t\t\t<img src=\"https:\/\/toutoui.musicalite.net\/wp-content\/uploads\/2022\/10\/MG_0068.jpg\" alt=\"Musicalit\u00e9\" itemprop=\"image\" title=\"Musicalit\u00e9\" onerror=\"this.style.display='none'\"  \/>\n<h1>\n\t\tManipular instrumentos y accesorios\n\t<\/h1>\n\t<p>Trabajamos con peque\u00f1os instrumentos de percusi\u00f3n y con elementos pedag\u00f3gicos que van a estimular la dexteridad de los ni\u00f1os, la coordinaci\u00f3n y su imaginaci\u00f3n.<\/p>\n<h1>\n\t\tIntegrar los beneficios del Brain Gym\u00ae\n\t<\/h1>\n\t<p>Incluimos el <a href=\"https:\/\/musicalite.net\/\/es\/braingym\/\">Braingym<\/a> en la experiencia musical. Estos movimientos se realizan para favorecer la concentraci\u00f3n, relajarlos y disfrutar esta nueva experiencia de aprendizaje.<\/p>\n\t\t\t\t<img src=\"https:\/\/toutoui.musicalite.net\/wp-content\/uploads\/2022\/01\/renard-190221-19.jpg\" alt=\"\" itemprop=\"image\" onerror=\"this.style.display='none'\"  \/>\n\t\t\t\t<img src=\"https:\/\/toutoui.musicalite.net\/wp-content\/uploads\/2021\/11\/renard-190221-121.jpg\" alt=\"\" itemprop=\"image\" onerror=\"this.style.display='none'\"  \/>\n<h1>\n\t\tOfrecer un servicio de calidad\n\t<\/h1>\n\t<p>Nuestro programa es especialmente creado para ser implementado en las guarder\u00edas. Este complementa el programa educativo, ofreci\u00e9ndoles a los ni\u00f1os un valor agreagado para su desarrollo global .<\/p>\n<h1>\n\t\tFavorizar la integraci\u00f3n y la adaptaci\u00f3n a los ritmos de la vida\n\t<\/h1>\n\t<p>Cuando la m\u00fasica se integra en esta etapa de aprendizaje, los resultados ser\u00e1n a\u00fan mayores! Nunca es muy temprano ofrecer herramientas para el <a href=\"https:\/\/musicalite.net\/\/es\/beneficios-de-la-musica\/\">desarrollo<\/a> de los ni\u00f1os.<\/p>\n<p>Y ello porque los primeros a\u00f1os de vida son realmente cruciales en las conexiones que se realizan en el cerebro.<\/p>\n<p>Cuando descubrimos nuestro propio ritmo para aprender a sincronizarnos al ritmo de la m\u00fasica, se aumenta la confianza en s\u00ed mismo, se impacta positivamente el desarrollo global, trayendo repercusiones positivas directas en su vida escolar.<\/p>\n\tTOUTOUI<br \/>\nNuestro programa musical\u00a0en l\u00ednea!\n\t<p><a href=\"http:\/\/http\/\/:toutoui.musicalite.net\">Toutoui<\/a>\u00a0es un programa creado para los ni\u00f1os de 0 \u00e0 6 a\u00f1os, para ser realizado idealemente con la participaci\u00f3n del adulto.<\/p>\n<p>As\u00ed bien, Toutoui te lleva paso a paso en la realizaci\u00f3n de lass actividades. Y TumTum te mostrar\u00e1 como ejecutar cada instrucci\u00f3n.\u00a0En\u00a0d\u00e9finitive, \u00e9ste es tu\u00a0asistente pedag\u00f3gico para actividades musicales y l\u00fadicas.<\/p>\n<p>\u00c9ste es un programa innovador que ayuda a los ni\u00f1os a desarrollarse con diversi\u00f3n!<\/p>\nQue los ni\u00f1os sean neurot\u00edpicos o neuroat\u00edpicos no tiene importance alguna. Es un programa para todos y cada uno encuentra all\u00ed su lugar.<br \/>\nEn fin, puede haber algo mejor aprender cuando te diviertes?\n<p>Disponible en franc\u00e9s y\/o ingl\u00e9s.<\/p>\n\t\t\t\t<img src=\"https:\/\/toutoui.musicalite.net\/wp-content\/uploads\/2022\/01\/TOUTOUI.png\" alt=\"\" itemprop=\"image\" onerror=\"this.style.display='none'\"  \/>\n\t<meta itemprop=\"url\" content=\"https:\/\/musicalite.net\/wp-content\/uploads\/2023\/04\/leaves-website.mp4\" \/><div style=\"width: 640px;\" class=\"wp-video\"><!--[if lt IE 9]><script>document.createElement('video');<\/script><![endif]-->\n<video class=\"wp-video-shortcode\" id=\"video-8093-1\" width=\"640\" height=\"360\" poster=\"https:\/\/musicalite.net\/wp-content\/uploads\/2023\/04\/Screen-Shot-2023-04-17-at-7.04.55-PM.png\" loop=\"1\" preload=\"none\" controls=\"controls\"><source type=\"video\/mp4\" src=\"https:\/\/musicalite.net\/wp-content\/uploads\/2023\/04\/leaves-website.mp4?_=1\" \/><source type=\"video\/webm\" src=\"https:\/\/musicalite.net\/wp-content\/uploads\/2023\/04\/leaves-website.webm?_=1\" \/><a href=\"https:\/\/musicalite.net\/wp-content\/uploads\/2023\/04\/leaves-website.mp4\">https:\/\/musicalite.net\/wp-content\/uploads\/2023\/04\/leaves-website.mp4<\/a><\/video><\/div>\n\t<p>LA FELICIDAD AL RITMO DE LA VIDA!<\/p>\n\t<p>Buscamos crear un impacto positivo sobre la calidad de vida de los ni\u00f1os y de la sociedad en general a trav\u00e9s de la m\u00fasica. Proponemos para ello materiales did\u00e1ctico y art\u00edstico, productos y experiencias para el aprendizaje de la m\u00fasica y en general para su disfrute.<\/p>\n\t<iframe loading=\"lazy\" title=\"Promo Musicalite\" width=\"500\" height=\"281\" src=\"https:\/\/www.youtube.com\/embed\/ETdDvbFn2GA?feature=oembed\" frameborder=\"0\" allow=\"accelerometer; autoplay; clipboard-write; encrypted-media; gyroscope; picture-in-picture\" allowfullscreen><\/iframe> \n\t\t\t<a href=\"https:\/\/musicalite.net\/es\/contacto\/\" target=\"_blank\" role=\"button\" rel=\"noopener\">\n\t\t\t\t\t\t\tCONT\u00c1CTANOS\n\t\t\t\t\t<\/a>\n\n","protected":false},"excerpt":{"rendered":"<p>M\u00fasica y movimiento Una herramienta poderosa al servicio del desarrollo global de los ni\u00f1os Guarder\u00edas y colegios Familias y profesores Explorar el lenguaje de la m\u00fasica en acci\u00f3n Concebimos experiencias musicales para ni\u00f1os de 0 \u00e0 6 a\u00f1os, construidas sobre un aprendizaje natural y org\u00e1nico de la m\u00fasica, vivido a trav\u00e9s del\u00a0cuerpo en movimiento. Vivir &hellip;<\/p>\n<p class=\"read-more\"> <a class=\"\" href=\"https:\/\/musicalite.net\/es\/\"> <span class=\"screen-reader-text\">Home<\/span> Leer m\u00e1s \u00bb<\/a><\/p>\n","protected":false},"author":1,"featured_media":0,"parent":0,"menu_order":0,"comment_status":"closed","ping_status":"closed","template":"","meta":{"_mi_skip_tracking":false,"site-sidebar-layout":"no-sidebar","site-content-layout":"page-builder","ast-global-header-display":"","ast-main-header-display":"","ast-hfb-above-header-display":"","ast-hfb-below-header-display":"","ast-hfb-mobile-header-display":"disabled","site-post-title":"disabled","ast-breadcrumbs-content":"disabled","ast-featured-img":"disabled","footer-sml-layout":"disabled","theme-transparent-header-meta":"default","adv-header-id-meta":"","stick-header-meta":"default","header-above-stick-meta":"","header-main-stick-meta":"","header-below-stick-meta":""},"yoast_head":"<!-- This site is optimized with the Yoast SEO plugin v20.1 - https:\/\/yoast.com\/wordpress\/plugins\/seo\/ -->\n<title>Home - Musicalite<\/title>\n<meta name=\"robots\" content=\"index, follow, max-snippet:-1, max-image-preview:large, max-video-preview:-1\" \/>\n<link rel=\"canonical\" href=\"https:\/\/musicalite.net\/es\/\" \/>\n<meta property=\"og:locale\" content=\"es_ES\" \/>\n<meta property=\"og:type\" content=\"article\" \/>\n<meta property=\"og:title\" content=\"Home - Musicalite\" \/>\n<meta property=\"og:description\" content=\"M\u00fasica y movimiento Una herramienta poderosa al servicio del desarrollo global de los ni\u00f1os Guarder\u00edas y colegios Familias y profesores Explorar el lenguaje de la m\u00fasica en acci\u00f3n Concebimos experiencias musicales para ni\u00f1os de 0 \u00e0 6 a\u00f1os, construidas sobre un aprendizaje natural y org\u00e1nico de la m\u00fasica, vivido a trav\u00e9s del\u00a0cuerpo en movimiento. Vivir &hellip; Home Leer m\u00e1s \u00bb\" \/>\n<meta property=\"og:url\" content=\"https:\/\/musicalite.net\/es\/\" \/>\n<meta property=\"og:site_name\" content=\"Musicalite\" \/>\n<meta property=\"article:publisher\" content=\"https:\/\/www.facebook.com\/musicalite.net\" \/>\n<meta property=\"article:modified_time\" content=\"2023-05-17T19:26:01+00:00\" \/>\n<meta property=\"og:image\" content=\"https:\/\/toutoui.musicalite.net\/wp-content\/uploads\/2022\/01\/renard-190221-128-2.jpg\" \/>\n<meta name=\"twitter:card\" content=\"summary_large_image\" \/>\n<script type=\"application\/ld+json\" class=\"yoast-schema-graph\">{\"@context\":\"https:\/\/schema.org\",\"@graph\":[{\"@type\":\"WebPage\",\"@id\":\"https:\/\/musicalite.net\/es\/\",\"url\":\"https:\/\/musicalite.net\/es\/\",\"name\":\"Home - Musicalite\",\"isPartOf\":{\"@id\":\"https:\/\/musicalite.net\/#website\"},\"datePublished\":\"2022-10-28T13:19:50+00:00\",\"dateModified\":\"2023-05-17T19:26:01+00:00\",\"breadcrumb\":{\"@id\":\"https:\/\/musicalite.net\/es\/#breadcrumb\"},\"inLanguage\":\"es-ES\",\"potentialAction\":[{\"@type\":\"ReadAction\",\"target\":[\"https:\/\/musicalite.net\/es\/\"]}]},{\"@type\":\"BreadcrumbList\",\"@id\":\"https:\/\/musicalite.net\/es\/#breadcrumb\",\"itemListElement\":[{\"@type\":\"ListItem\",\"position\":1,\"name\":\"Home\",\"item\":\"https:\/\/musicalite.net\/es\/\"},{\"@type\":\"ListItem\",\"position\":2,\"name\":\"Home\"}]},{\"@type\":\"WebSite\",\"@id\":\"https:\/\/musicalite.net\/#website\",\"url\":\"https:\/\/musicalite.net\/\",\"name\":\"Musicalite\",\"description\":\"Musicalite - music experience for young children!\",\"publisher\":{\"@id\":\"https:\/\/musicalite.net\/#organization\"},\"potentialAction\":[{\"@type\":\"SearchAction\",\"target\":{\"@type\":\"EntryPoint\",\"urlTemplate\":\"https:\/\/musicalite.net\/?s={search_term_string}\"},\"query-input\":\"required name=search_term_string\"}],\"inLanguage\":\"es-ES\"},{\"@type\":\"Organization\",\"@id\":\"https:\/\/musicalite.net\/#organization\",\"name\":\"Musicalite\",\"url\":\"https:\/\/musicalite.net\/\",\"logo\":{\"@type\":\"ImageObject\",\"inLanguage\":\"es-ES\",\"@id\":\"https:\/\/musicalite.net\/#\/schema\/logo\/image\/\",\"url\":\"https:\/\/musicalite.net\/wp-content\/uploads\/2022\/10\/LOGO-EN-INGLES-NUEVO.png\",\"contentUrl\":\"https:\/\/musicalite.net\/wp-content\/uploads\/2022\/10\/LOGO-EN-INGLES-NUEVO.png\",\"width\":1780,\"height\":701,\"caption\":\"Musicalite\"},\"image\":{\"@id\":\"https:\/\/musicalite.net\/#\/schema\/logo\/image\/\"},\"sameAs\":[\"https:\/\/www.facebook.com\/musicalite.net\"]}]}<\/script>\n<!-- \/ Yoast SEO plugin. -->","yoast_head_json":{"title":"Home - Musicalite","robots":{"index":"index","follow":"follow","max-snippet":"max-snippet:-1","max-image-preview":"max-image-preview:large","max-video-preview":"max-video-preview:-1"},"canonical":"https:\/\/musicalite.net\/es\/","og_locale":"es_ES","og_type":"article","og_title":"Home - Musicalite","og_description":"M\u00fasica y movimiento Una herramienta poderosa al servicio del desarrollo global de los ni\u00f1os Guarder\u00edas y colegios Familias y profesores Explorar el lenguaje de la m\u00fasica en acci\u00f3n Concebimos experiencias musicales para ni\u00f1os de 0 \u00e0 6 a\u00f1os, construidas sobre un aprendizaje natural y org\u00e1nico de la m\u00fasica, vivido a trav\u00e9s del\u00a0cuerpo en movimiento. Vivir &hellip; Home Leer m\u00e1s \u00bb","og_url":"https:\/\/musicalite.net\/es\/","og_site_name":"Musicalite","article_publisher":"https:\/\/www.facebook.com\/musicalite.net","article_modified_time":"2023-05-17T19:26:01+00:00","og_image":[{"url":"https:\/\/toutoui.musicalite.net\/wp-content\/uploads\/2022\/01\/renard-190221-128-2.jpg"}],"twitter_card":"summary_large_image","schema":{"@context":"https:\/\/schema.org","@graph":[{"@type":"WebPage","@id":"https:\/\/musicalite.net\/es\/","url":"https:\/\/musicalite.net\/es\/","name":"Home - Musicalite","isPartOf":{"@id":"https:\/\/musicalite.net\/#website"},"datePublished":"2022-10-28T13:19:50+00:00","dateModified":"2023-05-17T19:26:01+00:00","breadcrumb":{"@id":"https:\/\/musicalite.net\/es\/#breadcrumb"},"inLanguage":"es-ES","potentialAction":[{"@type":"ReadAction","target":["https:\/\/musicalite.net\/es\/"]}]},{"@type":"BreadcrumbList","@id":"https:\/\/musicalite.net\/es\/#breadcrumb","itemListElement":[{"@type":"ListItem","position":1,"name":"Home","item":"https:\/\/musicalite.net\/es\/"},{"@type":"ListItem","position":2,"name":"Home"}]},{"@type":"WebSite","@id":"https:\/\/musicalite.net\/#website","url":"https:\/\/musicalite.net\/","name":"Musicalite","description":"Musicalite - music experience for young children!","publisher":{"@id":"https:\/\/musicalite.net\/#organization"},"potentialAction":[{"@type":"SearchAction","target":{"@type":"EntryPoint","urlTemplate":"https:\/\/musicalite.net\/?s={search_term_string}"},"query-input":"required name=search_term_string"}],"inLanguage":"es-ES"},{"@type":"Organization","@id":"https:\/\/musicalite.net\/#organization","name":"Musicalite","url":"https:\/\/musicalite.net\/","logo":{"@type":"ImageObject","inLanguage":"es-ES","@id":"https:\/\/musicalite.net\/#\/schema\/logo\/image\/","url":"https:\/\/musicalite.net\/wp-content\/uploads\/2022\/10\/LOGO-EN-INGLES-NUEVO.png","contentUrl":"https:\/\/musicalite.net\/wp-content\/uploads\/2022\/10\/LOGO-EN-INGLES-NUEVO.png","width":1780,"height":701,"caption":"Musicalite"},"image":{"@id":"https:\/\/musicalite.net\/#\/schema\/logo\/image\/"},"sameAs":["https:\/\/www.facebook.com\/musicalite.net"]}]}},"_links":{"self":[{"href":"https:\/\/musicalite.net\/es\/wp-json\/wp\/v2\/pages\/8093"}],"collection":[{"href":"https:\/\/musicalite.net\/es\/wp-json\/wp\/v2\/pages"}],"about":[{"href":"https:\/\/musicalite.net\/es\/wp-json\/wp\/v2\/types\/page"}],"author":[{"embeddable":true,"href":"https:\/\/musicalite.net\/es\/wp-json\/wp\/v2\/users\/1"}],"replies":[{"embeddable":true,"href":"https:\/\/musicalite.net\/es\/wp-json\/wp\/v2\/comments?post=8093"}],"version-history":[{"count":26,"href":"https:\/\/musicalite.net\/es\/wp-json\/wp\/v2\/pages\/8093\/revisions"}],"predecessor-version":[{"id":8833,"href":"https:\/\/musicalite.net\/es\/wp-json\/wp\/v2\/pages\/8093\/revisions\/8833"}],"wp:attachment":[{"href":"https:\/\/musicalite.net\/es\/wp-json\/wp\/v2\/media?parent=8093"}],"curies":[{"name":"wp","href":"https:\/\/api.w.org\/{rel}","templated":true}]}}