{"id":7729,"date":"2022-10-19T15:34:55","date_gmt":"2022-10-19T15:34:55","guid":{"rendered":"https:\/\/toutoui.musicalite.net\/musicalite-politique-de-confidentialite\/"},"modified":"2022-10-27T18:22:32","modified_gmt":"2022-10-27T18:22:32","slug":"politicaconfidencialidad","status":"publish","type":"page","link":"https:\/\/musicalite.net\/es\/politicaconfidencialidad\/","title":{"rendered":"Pol\u00edtica de Confidencialidad"},"content":{"rendered":"\r\n\r\n\t\t\t\t<img loading=\"lazy\" src=\"https:\/\/toutoui.musicalite.net\/wp-content\/uploads\/2022\/10\/logo-espanol-1-300x118.png\" alt=\"logo-espa\u00f1ol\" itemprop=\"image\" height=\"118\" width=\"300\" title=\"logo-espa\u00f1ol\" onerror=\"this.style.display='none'\"  \/>\r\n\t<p><b>POLITIQUE DE CONFIDENTIALIT\u00c9\u00a0<\/b><\/p>\r\n<p>Musicalit\u00e9 vous invite \u00e0 prendre connaissance de sa politique de confidentialit\u00e9 pour conna\u00eetre les r\u00e8gles qu&#8217;elle applique en mati\u00e8re de protection des renseignements personnels lors de l&#8217;utilisation de son plateforme \u00e9ducative TOUTOUI et son site web.<\/p>\r\n<p>Musicalit\u00e9 s&#8217;engage \u00e0 respecter la vie priv\u00e9e des personnes qui visitent la Plateforme et les donn\u00e9es personnelles fournies. Cette Politique de confidentialit\u00e9 explique la fa\u00e7on dont les donn\u00e9es sont recueillies, trait\u00e9es, utilis\u00e9es et g\u00e9r\u00e9es la divulgu\u00e9es, ainsi comme la conservation et la protection des donn\u00e9es personnelles.<\/p>\r\n<p><strong>1. Utilisation de fichiers t\u00e9moins (\u00ab cookies \u00bb)<\/strong><\/p>\r\n<p>Le pr\u00e9sent site ne place aucun fichier t\u00e9moin (\u00ab cookie \u00bb) permanent dans les disques durs des ordinateurs des visiteurs, mais uniquement un fichier t\u00e9moin temporaire requis pour am\u00e9liorer la performance de certaines fonctionnalit\u00e9s de la Plateforme.<\/p>\r\n<p><strong>2. Informations \u00e9chang\u00e9es automatiquement<\/strong><\/p>\r\n<p>Lorsque vous acc\u00e9dez au site de Musicalit\u00e9 ou son plateforme \u00e9ducative Toutoui, votre ordinateur et le serveur de la Plateforme \u00e9changent automatiquement des informations. Cette communication est n\u00e9cessaire pour que le serveur transmette un fichier compatible avec l&#8217;\u00e9quipement informatique que vous utilisez. Les informations \u00e9chang\u00e9es sont les suivantes\u00a0:<\/p>\r\n<ul>\r\n<li>le nom de domaine de votre fournisseur d&#8217;acc\u00e8s \u00e0 Internet;<\/li>\r\n<li>votre adresse IP, num\u00e9ro unique assign\u00e9 \u00e0 votre ordinateur lorsqu&#8217;il est connect\u00e9 au r\u00e9seau Internet;<\/li>\r\n<li>le type de navigateur (Explorer, Firefox, etc.) et de syst\u00e8me d&#8217;exploitation (Windows, Mac OS, etc.) utilis\u00e9s;<\/li>\r\n<li>la date et l&#8217;heure de la visite;<\/li>\r\n<li>les pages que vous consultez;<\/li>\r\n<li>l&#8217;adresse de la Plateforme r\u00e9f\u00e9rent, si vous acc\u00e9dez au site de la Commission \u00e0 partir d&#8217;un autre site.<\/li>\r\n<\/ul>\r\n<p>Ces informations sont conserv\u00e9es et exploit\u00e9es par Musicalit\u00e9 \u00e0 des fins techniques et statistiques. Elles servent \u00e0 comptabiliser le nombre de visites, les pages les plus fr\u00e9quent\u00e9es, la technologie utilis\u00e9e par les visiteurs, les sites r\u00e9f\u00e9rents et le pays d&#8217;origine des visiteurs. Ces informations recueillies nous permet \u00e9galement de:\u00a0<\/p>\r\n<ul>\r\n<li>D&#8217;am\u00e9liorer la navigation sur notre site,<\/li>\r\n<li>De cr\u00e9er des comptes afin de vous permettre d&#8217;utiliser nos services,<\/li>\r\n<li>De vous offrir un soutien technique ad\u00e9quat et r\u00e9pondre \u00e0 vos demandes,<\/li>\r\n<li>De pr\u00e9venir la fraude ou les activit\u00e9s potentiellement ill\u00e9gales,<\/li>\r\n<li>De faire respecter nos conditions de services et de nous conformer \u00e0 nos obligations l\u00e9gales et de r\u00e9soudre tout litige que nous pourrions avoir,<\/li>\r\n<li>De faire respecter nos accords avec des tiers.<\/li>\r\n<\/ul>\r\n<p><strong>3. Renseignements transmis par courriel ou par formulaire<\/strong><\/p>\r\n<p>Musicalit\u00e9 s&#8217;engage \u00e0 assurer la protection des renseignements confidentiels que vous lui confiez. Si vous communiquez volontairement des renseignements personnels ou autrement confidentielle, par courriel ou par formulaire, nous n&#8217;utilisons que l&#8217;information requise pour permettre au personnel de Musicalit\u00e9 de r\u00e9pondre \u00e0 votre message ou de donner suite \u00e0 votre demande. La correspondance \u00e9lectronique est trait\u00e9e avec les m\u00eames mesures de confidentialit\u00e9 que les autres documents \u00e9crits.<\/p>\r\n<p>Comment pouvez-vous modifier\/corriger vos donn\u00e9es personnelles ?<\/p>\r\n<p>Nous respectons votre droit d&#8217;acc\u00e8s, de modification, de demande de suppression ou de restriction de notre utilisation de vos donn\u00e9es personnelles, conform\u00e9ment \u00e0 la loi applicable. Nous prenons \u00e9galement des mesures pour nous assurer que les renseignements personnels que nous recueillons soient exacts et \u00e0 jour.\u00a0<\/p>\r\n<p>\u00c0 votre demande et sur pr\u00e9sentation d&#8217;une preuve d&#8217;identit\u00e9, nous fermerons votre compte et supprimerons vos renseignements personnels d\u00e8s que possible, en fonction de l&#8217;activit\u00e9 de votre compte et conform\u00e9ment aux lois applicables.<\/p>\r\n<p>Pour acc\u00e9der, corriger, demander une suppression ou demander une restriction de notre utilisation de vos donn\u00e9es personnelles, veuillez-vous nous contacter <a href=\"mailto:info@musicalite.net\">info@musicalite.net<\/a> Vous devrez fournir une preuve de votre identit\u00e9 avant tout acc\u00e8s, correction ou suppression de vos donn\u00e9es personnelles.<\/p>\r\n<p><strong>4. Liens vers d&#8217;autres sites<\/strong><\/p>\r\n<p>Les sites Musicalit\u00e9 et Toutoui\u00a0 proposent des hyperliens vers d&#8217;autres sites. Les renseignements \u00e9chang\u00e9s sur ces sites ne sont pas assujettis \u00e0 la pr\u00e9sente politique de confidentialit\u00e9, mais \u00e0 celle de la Plateforme externe, s&#8217;il en existe une.<\/p>\r\n<p><strong>5. Lois applicables<\/strong><\/p>\r\n<p>La pr\u00e9sente Politique sur les donn\u00e9es personnelles se trouve encadr\u00e9e dans la <a href=\"https:\/\/laws-lois.justice.gc.ca\/fra\/lois\/P-8.6\/page-1.html#h-407066\">Loi sur la protection des renseignements personnels et les documents \u00e9lectroniques<\/a>. Les conditions d&#8217;utilisation du site Web sont r\u00e9gies \u00e0 tous les \u00e9gards par les lois applicables dans la province de Qu\u00e9bec, au Canada.<\/p>\r\n<p><strong>6. Pour plus d&#8217;informations \u00e0 propos de cette politique<\/strong><\/p>\r\n<p>Si vous avez des questions concernant cette politique, ou des plaintes ou commentaires \u00e0 nous faire parvenir, nous vous invitons \u00e0 communiquer avec nous en utilisant l&#8217;un ou l&#8217;autre des modes de communication pr\u00e9sent\u00e9s dans la section <a href=\"mailto:info@musicalit.net\">contact<\/a>.<\/p>\r\n\r\n","protected":false},"excerpt":{"rendered":"<p>POLITIQUE DE CONFIDENTIALIT\u00c9\u00a0 Musicalit\u00e9 vous invite \u00e0 prendre connaissance de sa politique de confidentialit\u00e9 pour conna\u00eetre les r\u00e8gles qu&#8217;elle applique en mati\u00e8re de protection des renseignements personnels lors de l&#8217;utilisation de son plateforme \u00e9ducative TOUTOUI et son site web. Musicalit\u00e9 s&#8217;engage \u00e0 respecter la vie priv\u00e9e des personnes qui visitent la Plateforme et les donn\u00e9es &hellip;<\/p>\n<p class=\"read-more\"> <a class=\"\" href=\"https:\/\/musicalite.net\/es\/politicaconfidencialidad\/\"> <span class=\"screen-reader-text\">Pol\u00edtica de Confidencialidad<\/span> Leer m\u00e1s \u00bb<\/a><\/p>\n","protected":false},"author":1,"featured_media":0,"parent":0,"menu_order":0,"comment_status":"closed","ping_status":"closed","template":"","meta":{"_mi_skip_tracking":false,"site-sidebar-layout":"default","site-content-layout":"default","ast-global-header-display":"","ast-main-header-display":"","ast-hfb-above-header-display":"","ast-hfb-below-header-display":"","ast-hfb-mobile-header-display":"disabled","site-post-title":"disabled","ast-breadcrumbs-content":"disabled","ast-featured-img":"disabled","footer-sml-layout":"disabled","theme-transparent-header-meta":"default","adv-header-id-meta":"","stick-header-meta":"default","header-above-stick-meta":"","header-main-stick-meta":"","header-below-stick-meta":""},"yoast_head":"<!-- This site is optimized with the Yoast SEO plugin v20.1 - https:\/\/yoast.com\/wordpress\/plugins\/seo\/ -->\n<title>Pol\u00edtica de Confidencialidad - Musicalite<\/title>\n<meta name=\"robots\" content=\"index, follow, max-snippet:-1, max-image-preview:large, max-video-preview:-1\" \/>\n<link rel=\"canonical\" href=\"https:\/\/musicalite.net\/es\/politicaconfidencialidad\/\" \/>\n<meta property=\"og:locale\" content=\"es_ES\" \/>\n<meta property=\"og:type\" content=\"article\" \/>\n<meta property=\"og:title\" content=\"Pol\u00edtica de Confidencialidad - Musicalite\" \/>\n<meta property=\"og:description\" content=\"POLITIQUE DE CONFIDENTIALIT\u00c9\u00a0 Musicalit\u00e9 vous invite \u00e0 prendre connaissance de sa politique de confidentialit\u00e9 pour conna\u00eetre les r\u00e8gles qu&#8217;elle applique en mati\u00e8re de protection des renseignements personnels lors de l&#8217;utilisation de son plateforme \u00e9ducative TOUTOUI et son site web. Musicalit\u00e9 s&#8217;engage \u00e0 respecter la vie priv\u00e9e des personnes qui visitent la Plateforme et les donn\u00e9es &hellip; Pol\u00edtica de Confidencialidad Leer m\u00e1s \u00bb\" \/>\n<meta property=\"og:url\" content=\"https:\/\/musicalite.net\/es\/politicaconfidencialidad\/\" \/>\n<meta property=\"og:site_name\" content=\"Musicalite\" \/>\n<meta property=\"article:publisher\" content=\"https:\/\/www.facebook.com\/musicalite.net\" \/>\n<meta property=\"article:modified_time\" content=\"2022-10-27T18:22:32+00:00\" \/>\n<meta property=\"og:image\" content=\"https:\/\/toutoui.musicalite.net\/wp-content\/uploads\/2022\/10\/logo-espanol-1-300x118.png\" \/>\n<meta name=\"twitter:card\" content=\"summary_large_image\" \/>\n<meta name=\"twitter:label1\" content=\"Tiempo de lectura\" \/>\n\t<meta name=\"twitter:data1\" content=\"4 minutes\" \/>\n<script type=\"application\/ld+json\" class=\"yoast-schema-graph\">{\"@context\":\"https:\/\/schema.org\",\"@graph\":[{\"@type\":\"WebPage\",\"@id\":\"https:\/\/musicalite.net\/es\/politicaconfidencialidad\/\",\"url\":\"https:\/\/musicalite.net\/es\/politicaconfidencialidad\/\",\"name\":\"Pol\u00edtica de Confidencialidad - Musicalite\",\"isPartOf\":{\"@id\":\"https:\/\/musicalite.net\/#website\"},\"datePublished\":\"2022-10-19T15:34:55+00:00\",\"dateModified\":\"2022-10-27T18:22:32+00:00\",\"breadcrumb\":{\"@id\":\"https:\/\/musicalite.net\/es\/politicaconfidencialidad\/#breadcrumb\"},\"inLanguage\":\"es-ES\",\"potentialAction\":[{\"@type\":\"ReadAction\",\"target\":[\"https:\/\/musicalite.net\/es\/politicaconfidencialidad\/\"]}]},{\"@type\":\"BreadcrumbList\",\"@id\":\"https:\/\/musicalite.net\/es\/politicaconfidencialidad\/#breadcrumb\",\"itemListElement\":[{\"@type\":\"ListItem\",\"position\":1,\"name\":\"Home\",\"item\":\"https:\/\/musicalite.net\/es\/\"},{\"@type\":\"ListItem\",\"position\":2,\"name\":\"Pol\u00edtica de Confidencialidad\"}]},{\"@type\":\"WebSite\",\"@id\":\"https:\/\/musicalite.net\/#website\",\"url\":\"https:\/\/musicalite.net\/\",\"name\":\"Musicalite\",\"description\":\"Musicalite - music experience for young children!\",\"publisher\":{\"@id\":\"https:\/\/musicalite.net\/#organization\"},\"potentialAction\":[{\"@type\":\"SearchAction\",\"target\":{\"@type\":\"EntryPoint\",\"urlTemplate\":\"https:\/\/musicalite.net\/?s={search_term_string}\"},\"query-input\":\"required name=search_term_string\"}],\"inLanguage\":\"es-ES\"},{\"@type\":\"Organization\",\"@id\":\"https:\/\/musicalite.net\/#organization\",\"name\":\"Musicalite\",\"url\":\"https:\/\/musicalite.net\/\",\"logo\":{\"@type\":\"ImageObject\",\"inLanguage\":\"es-ES\",\"@id\":\"https:\/\/musicalite.net\/#\/schema\/logo\/image\/\",\"url\":\"https:\/\/musicalite.net\/wp-content\/uploads\/2022\/10\/LOGO-EN-INGLES-NUEVO.png\",\"contentUrl\":\"https:\/\/musicalite.net\/wp-content\/uploads\/2022\/10\/LOGO-EN-INGLES-NUEVO.png\",\"width\":1780,\"height\":701,\"caption\":\"Musicalite\"},\"image\":{\"@id\":\"https:\/\/musicalite.net\/#\/schema\/logo\/image\/\"},\"sameAs\":[\"https:\/\/www.facebook.com\/musicalite.net\"]}]}<\/script>\n<!-- \/ Yoast SEO plugin. -->","yoast_head_json":{"title":"Pol\u00edtica de Confidencialidad - Musicalite","robots":{"index":"index","follow":"follow","max-snippet":"max-snippet:-1","max-image-preview":"max-image-preview:large","max-video-preview":"max-video-preview:-1"},"canonical":"https:\/\/musicalite.net\/es\/politicaconfidencialidad\/","og_locale":"es_ES","og_type":"article","og_title":"Pol\u00edtica de Confidencialidad - Musicalite","og_description":"POLITIQUE DE CONFIDENTIALIT\u00c9\u00a0 Musicalit\u00e9 vous invite \u00e0 prendre connaissance de sa politique de confidentialit\u00e9 pour conna\u00eetre les r\u00e8gles qu&#8217;elle applique en mati\u00e8re de protection des renseignements personnels lors de l&#8217;utilisation de son plateforme \u00e9ducative TOUTOUI et son site web. Musicalit\u00e9 s&#8217;engage \u00e0 respecter la vie priv\u00e9e des personnes qui visitent la Plateforme et les donn\u00e9es &hellip; Pol\u00edtica de Confidencialidad Leer m\u00e1s \u00bb","og_url":"https:\/\/musicalite.net\/es\/politicaconfidencialidad\/","og_site_name":"Musicalite","article_publisher":"https:\/\/www.facebook.com\/musicalite.net","article_modified_time":"2022-10-27T18:22:32+00:00","og_image":[{"url":"https:\/\/toutoui.musicalite.net\/wp-content\/uploads\/2022\/10\/logo-espanol-1-300x118.png"}],"twitter_card":"summary_large_image","twitter_misc":{"Tiempo de lectura":"4 minutes"},"schema":{"@context":"https:\/\/schema.org","@graph":[{"@type":"WebPage","@id":"https:\/\/musicalite.net\/es\/politicaconfidencialidad\/","url":"https:\/\/musicalite.net\/es\/politicaconfidencialidad\/","name":"Pol\u00edtica de Confidencialidad - Musicalite","isPartOf":{"@id":"https:\/\/musicalite.net\/#website"},"datePublished":"2022-10-19T15:34:55+00:00","dateModified":"2022-10-27T18:22:32+00:00","breadcrumb":{"@id":"https:\/\/musicalite.net\/es\/politicaconfidencialidad\/#breadcrumb"},"inLanguage":"es-ES","potentialAction":[{"@type":"ReadAction","target":["https:\/\/musicalite.net\/es\/politicaconfidencialidad\/"]}]},{"@type":"BreadcrumbList","@id":"https:\/\/musicalite.net\/es\/politicaconfidencialidad\/#breadcrumb","itemListElement":[{"@type":"ListItem","position":1,"name":"Home","item":"https:\/\/musicalite.net\/es\/"},{"@type":"ListItem","position":2,"name":"Pol\u00edtica de Confidencialidad"}]},{"@type":"WebSite","@id":"https:\/\/musicalite.net\/#website","url":"https:\/\/musicalite.net\/","name":"Musicalite","description":"Musicalite - music experience for young children!","publisher":{"@id":"https:\/\/musicalite.net\/#organization"},"potentialAction":[{"@type":"SearchAction","target":{"@type":"EntryPoint","urlTemplate":"https:\/\/musicalite.net\/?s={search_term_string}"},"query-input":"required name=search_term_string"}],"inLanguage":"es-ES"},{"@type":"Organization","@id":"https:\/\/musicalite.net\/#organization","name":"Musicalite","url":"https:\/\/musicalite.net\/","logo":{"@type":"ImageObject","inLanguage":"es-ES","@id":"https:\/\/musicalite.net\/#\/schema\/logo\/image\/","url":"https:\/\/musicalite.net\/wp-content\/uploads\/2022\/10\/LOGO-EN-INGLES-NUEVO.png","contentUrl":"https:\/\/musicalite.net\/wp-content\/uploads\/2022\/10\/LOGO-EN-INGLES-NUEVO.png","width":1780,"height":701,"caption":"Musicalite"},"image":{"@id":"https:\/\/musicalite.net\/#\/schema\/logo\/image\/"},"sameAs":["https:\/\/www.facebook.com\/musicalite.net"]}]}},"_links":{"self":[{"href":"https:\/\/musicalite.net\/es\/wp-json\/wp\/v2\/pages\/7729"}],"collection":[{"href":"https:\/\/musicalite.net\/es\/wp-json\/wp\/v2\/pages"}],"about":[{"href":"https:\/\/musicalite.net\/es\/wp-json\/wp\/v2\/types\/page"}],"author":[{"embeddable":true,"href":"https:\/\/musicalite.net\/es\/wp-json\/wp\/v2\/users\/1"}],"replies":[{"embeddable":true,"href":"https:\/\/musicalite.net\/es\/wp-json\/wp\/v2\/comments?post=7729"}],"version-history":[{"count":4,"href":"https:\/\/musicalite.net\/es\/wp-json\/wp\/v2\/pages\/7729\/revisions"}],"predecessor-version":[{"id":8084,"href":"https:\/\/musicalite.net\/es\/wp-json\/wp\/v2\/pages\/7729\/revisions\/8084"}],"wp:attachment":[{"href":"https:\/\/musicalite.net\/es\/wp-json\/wp\/v2\/media?parent=7729"}],"curies":[{"name":"wp","href":"https:\/\/api.w.org\/{rel}","templated":true}]}}