{"id":7723,"date":"2022-10-19T15:31:08","date_gmt":"2022-10-19T15:31:08","guid":{"rendered":"https:\/\/toutoui.musicalite.net\/musicalite-musique-pour-enfants\/"},"modified":"2026-03-25T22:19:59","modified_gmt":"2026-03-25T22:19:59","slug":"musica-para-ninos","status":"publish","type":"page","link":"https:\/\/musicalite.net\/es\/musica-para-ninos\/","title":{"rendered":"M\u00fasica para ni\u00f1os"},"content":{"rendered":"\n\n\t<p>Una m\u00fasica especialmente creada para los ni\u00f1os<\/p>\n<h1>\n\t\tDISCOGRAF\u00cdA\n\t<\/h1>\n\t<p>Nuestra m\u00fasica est\u00e1 pensada para ofrecer una experiencia musical divertida, en movimiento, para cantar y bailar.<\/p>\n<p>Nuestra m\u00fasica se encuentra actualmente publicada en franc\u00e9s e ingl\u00e9s, convirti\u00e9donse as\u00ed en una maravillosa oportunidad para aprender otro idioma, cantando. Busca el idioma de tu preferencia en la parte superior izquierda de la p\u00e1gina.<\/p>\nBuscamos ofrecerle a los ni\u00f1os y s a us familias, la posibildad de reconocerse en un mundo diverso y variado.<br \/>\nY qu\u00e9 mejor medio es la m\u00fasica para crear puentes.\n<p>Sum\u00e9rgete en este mundo con nosotros que tambi\u00e9n fue creado para ti!<\/p>\n\t\t\t\t<img src=\"https:\/\/musicalite.net\/wp-content\/uploads\/2026\/03\/BE-BI-BO-BOU_fr-1.jpg\" alt=\"BE BI BO BOU_fr\" title=\"BE BI BO BOU_fr\" itemprop=\"image\"\/>\n\t\t\t\t\t\t<p><b>13 canciones al ritmo de\u00a0tambores\u00a0africanos<\/b><b>e inspiradas de canciones del continente y ba\u00f1ado con ritmos afrocolombianos. Un album\u00a0<\/b><b>lleno de color y\u00a0altas vibraciones.<\/b><\/p>\t\t\t\t\t\n\t\t\t<!-- END .front -->\n\t\t\t\t\t\t<p><b>BE BI BO BU<\/b><strong><br \/>Autor y compositor:<\/strong>Jhon Henao<strong>Cantante<\/strong><strong>\u00a0<\/strong>Christina B\u00e9lice<br \/><strong>Instrumentista<\/strong><br \/>Jhon Henao<strong>Bajos (Zangalewa)<\/strong>\u00a0<br \/>Jairo Gomez<strong>Coros<\/strong>Candela del Mar HenaoFlavie C\u00f4t\u00e9\u00a0Luciano Henao (sans se bousculer)<br \/><b>Productor<\/b>Jhon Henao<strong>Car\u00e1tula<\/strong>Carolina BernalEsc\u00fachalo en franc\u00e9s<strong><a href=\"https:\/\/ffm.to\/bebibobou\" target=\"_blank\" rel=\"noopener\"> aqu\u00ed<\/a><\/strong>Esc\u00fachalo en ingl\u00e9s<a href=\"https:\/\/ffm.to\/babebobu\" target=\"_blank\" rel=\"noopener\"><strong> ac\u00e1<\/strong><\/a><\/p>\t\t\t\t\t\n\t\t\t<!-- END .back -->\n\t\t <!-- ifb-flip-box -->\n\t <!-- flip-box -->\n\t\t\t\t<img src=\"https:\/\/musicalite.net\/wp-content\/uploads\/2025\/09\/SKELETON-DANCE.jpg\" alt=\"SKELETON DANCE\" title=\"SKELETON DANCE\" itemprop=\"image\"\/>\n\t\t\t\t\t\t<p><strong>14 temas de ritmos alegres, algunas canciones de Halloween, otras para Navidad y cancionses sobre las partes del cuerpo, el \u00e1lbum invita a compartir momentos de alegr\u00eda y diversi\u00f3n!<\/strong><\/p>\t\t\t\t\t\n\t\t\t<!-- END .front -->\n\t\t\t\t\t\t<p><strong>SKELETON DANCE<\/strong>\u00a0<strong>Autor y compositor:\u00a0<\/strong>Jhon Henao<br \/><strong>Cantante: <\/strong>Christina B\u00e9lice<br \/><strong>Bajo: <\/strong>Jairo Gomez<br \/><strong>Car\u00e1tula:\u00a0<\/strong>Carolina Bernal\u00a0\u00a0Esc\u00fachalo en franc\u00e9s<strong><a href=\"https:\/\/ffm.to\/dansedessquelettes\" target=\"_blank\" rel=\"noopener\"> aqu\u00ed<\/a><\/strong>Esc\u00fachalo en ingl\u00e9s<a href=\"https:\/\/ffm.to\/skeleton-dance\" target=\"_blank\" rel=\"noopener\"><strong> ac\u00e1<\/strong><\/a><\/p>\t\t\t\t\t\n\t\t\t<!-- END .back -->\n\t\t <!-- ifb-flip-box -->\n\t <!-- flip-box -->\n\t\t\t\t<img src=\"https:\/\/musicalite.net\/wp-content\/uploads\/2023\/02\/Rampampam.jpg\" alt=\"musica para ninos\" title=\"musica para ninos\" itemprop=\"image\"\/>\n\t\t\t\t\t\t<p><b>13 canciones\u00a0que nos alegran el coraz\u00f3n!\u00a0<\/b><strong>Una m\u00fasica contempor\u00e1neas realizada con sintetizadores y m\u00e1quinas, que gana en su calidez con la perfecta mezcla de la voz de Christina e instrumentos ac\u00fasticos.\u00a0<\/strong><\/p>\t\t\t\t\t\n\t\t\t<!-- END .front -->\n\t\t\t\t\t\t<p><strong>RAM PAM PAM!\u00a0<\/strong>\u00a0<strong>Autor y compositor:\u00a0<\/strong>Jhon Henao<br \/><strong>Cantante: <\/strong>Christina B\u00e9lice<br \/><strong>Bajo: <\/strong>Jairo Gomez<br \/><strong>Car\u00e1tula:\u00a0<\/strong>Carolina Bernal\u00a0Disponible en franc\u00e9s<strong><a href=\"https:\/\/ffm.to\/rampampam_bonjour\"> aqu\u00ed<\/a><\/strong>Disponible en ingl\u00e9s<strong><a href=\"https:\/\/ffm.to\/rampampam_hello\"> ac\u00e1<\/a><\/strong><\/p>\t\t\t\t\t\n\t\t\t<!-- END .back -->\n\t\t <!-- ifb-flip-box -->\n\t <!-- flip-box -->\n\t\t\t\t<img src=\"https:\/\/toutoui.musicalite.net\/wp-content\/uploads\/2022\/01\/Propuestas_v4_1400x1400-min.png\" alt=\"&quot;01 Meunier, Tu Dors&quot;.\" title=\"Meunier, Tu Dors\" itemprop=\"image\"\/>\n\t\t\t\t\t\t<p><strong>12 canciones que son\u00a0testimonio de un intercambio de\u00a0culturas,\u00a0de ritmos y de inlfuencias que nos invitan a bailar y a celebrar la vida. \u00a1 Esta m\u00fasica es tanto para los chicos como para los grandes !<\/strong><strong>Disponible en franc\u00e9s e ingl\u00e9s.<\/strong><\/p>\t\t\t\t\t\n\t\t\t<!-- END .front -->\n\t\t\t\t\t\t<p><strong>TROPICALIT\u00c9\/TROPICALITY<\/strong>\u00a0<strong>Autor y compositor:\u00a0<\/strong>Jhon Henao<br \/><strong>Cantante:\u00a0<\/strong>Christina B\u00e9lice<br \/><strong>Voz en Do Re Mi<\/strong>: Sara Luz Gagn\u00e9<br \/><strong>Peque\u00f1as voces:<\/strong> Candela del Mar &amp; Luciano Henao<br \/><strong>Bajo: <\/strong>Jairo Gomez<br \/><strong>Car\u00e1tula: <\/strong>Juan Camilo Palacio<br \/>\u00a0Disponible en franc\u00e9s\u00a0<strong><a href=\"https:\/\/ffm.to\/tropicalite\">aqu\u00ed<\/a><br \/><\/strong>Disponible en ingl\u00e9s<strong> ac\u00e1<\/strong>\u00a0<\/p>\t\t\t\t\t\n\t\t\t<!-- END .back -->\n\t\t <!-- ifb-flip-box -->\n\t <!-- flip-box -->\n\t\t\t\t<img src=\"https:\/\/musicalite.net\/wp-content\/uploads\/2026\/02\/UNE_MAISON_POUR_TOUS.jpg\" alt=\"UNE_MAISON_POUR_TOUS\" title=\"UNE_MAISON_POUR_TOUS\" itemprop=\"image\"\/>\n\t\t\t\t\t\t<p><strong>Canciones de invierno para este momento m\u00e1gico del a\u00f1o! Una historia sonora en donde\u00a0compartir y\u00a0la generosidad hacen que \u00e9ste sea un mundo mejor!\u00a0<\/strong><\/p>\t\t\t\t\t\n\t\t\t<!-- END .front -->\n\t\t\t\t\t\t<p><strong>UNA CASA PARA TODOS<\/strong><strong><br \/>Autor y compositor<\/strong>Jhon Henao<strong>Cantante<br \/><\/strong>Christina B\u00e9lice<strong>Instrumentista<\/strong>Jhon Henao<b>Productor<br \/><\/b>Jhon Henao<strong>Car\u00e1tula<\/strong>Carolina BernalEsc\u00fachalo en franc\u00e9s<strong><a href=\"https:\/\/ffm.to\/unemaisonpourtous\" target=\"_blank\" rel=\"noopener\"> aqu\u00ed<\/a><\/strong>Esc\u00fachalo en ingl\u00e9s<a href=\"https:\/\/ffm.to\/ahomeforeveryone\" target=\"_blank\" rel=\"noopener\"><strong> ac\u00e1<\/strong><\/a><\/p>\t\t\t\t\t\n\t\t\t<!-- END .back -->\n\t\t <!-- ifb-flip-box -->\n\t <!-- flip-box -->\n\t\t\t\t<img src=\"https:\/\/musicalite.net\/wp-content\/uploads\/2025\/09\/THE-SECRETS.jpg\" alt=\"THE SECRETS\" title=\"THE SECRETS\" itemprop=\"image\"\/>\n\t\t\t\t\t\t<p><strong>11 canciones originales invitan a ni\u00f1os y adultos a sumergirse en un mundo de animales y aventuras. Cada canci\u00f3n cuenta una historia a veces divertida, a veces tierna, y siempre lista para despertar la imaginaci\u00f3n y la alegr\u00eda de aprender<\/strong><\/p>\t\t\t\t\t\n\t\t\t<!-- END .front -->\n\t\t\t\t\t\t<p><strong>LOS SECRETOS<\/strong><strong>Autor y compositor:\u00a0<\/strong>Jhon Henao<br \/><strong>Cantante: <\/strong>Christina B\u00e9lice<br \/><strong>Bajo: <\/strong>Jairo G\u00f3mez<br \/><strong>Car\u00e1tula:\u00a0<\/strong>Carolina BernalEsc\u00fachalo en franc\u00e9s<strong><a href=\"https:\/\/ffm.to\/lesecrets\" target=\"_blank\" rel=\"noopener\"> aqu\u00ed<\/a><\/strong>Esc\u00fachalo en ingl\u00e9s<strong><a href=\"https:\/\/ffm.to\/thesecretss\" target=\"_blank\" rel=\"noopener\"> ac\u00e1<\/a><\/strong><\/p>\t\t\t\t\t\n\t\t\t<!-- END .back -->\n\t\t <!-- ifb-flip-box -->\n\t <!-- flip-box -->\n\t\t\t\t<img src=\"https:\/\/toutoui.musicalite.net\/wp-content\/uploads\/2022\/09\/CARATULA-FR.jpg\" alt=\"\" title=\"\" itemprop=\"image\"\/>\n\t\t\t\t\t\t<p><strong>14 canciones del primer programa de nuestra plataforma educativa <a href=\"https:\/\/toutoui.musicalite.net\/es\/\">Toutoui<\/a>. Hojas, lluvia gigantes&#8230;todo un universo variado y divertido bajo ritmos contempor\u00e1neos electroac\u00fasticos.\u00a0<\/strong><strong>Disponible en franc\u00e9s e ingl\u00e9s<\/strong><\/p>\t\t\t\t\t\n\t\t\t<!-- END .front -->\n\t\t\t\t\t\t<p><strong>FEUILLES ET GOUTTES\/LEAVES AND DROPS<\/strong><strong>Autor y compositor:\u00a0<\/strong>Jhon Henao<br \/><strong>Cantante: <\/strong>Christina B\u00e9lice<br \/><strong>Bajo: <\/strong>Jairo Gomez<br \/><strong>Car\u00e1tula:\u00a0<\/strong>Carolina Bernal\u00a0Disponible en franc\u00e9s<strong><a href=\"https:\/\/ffm.to\/feuillesetgouttes\"> aqu\u00ed<\/a><\/strong>Disponible en ingl\u00e9s<strong><a href=\"https:\/\/ffm.to\/leavesanddrops\"> ac\u00e1<\/a><\/strong><\/p>\t\t\t\t\t\n\t\t\t<!-- END .back -->\n\t\t <!-- ifb-flip-box -->\n\t <!-- flip-box -->\n<h1>\n\t\tPLAYLISTS\n\t<\/h1>\n\tHemos creado unas playlists para que pueras utilizar en momentos de transici\u00f3n, o para aprender a decir buenos d\u00edas en ingl\u00e9s y franc\u00e9s, o para ser utlizadas al final del d\u00eda.<br \/>\nLos saludos est\u00e1n en los tres idiomas. Las otras playlist est\u00e1n disponibles en franc\u00e9s e ingl\u00e9s. Disfr\u00fatalas!\n\t\t\t\t<a href=\"https:\/\/open.spotify.com\/playlist\/2fCnpPSUR0MVdT1lHDmr55?si=f8eefb83eff64bcc\" target=\"_blank\" rel=\"noopener\" itemprop=\"url\">\n\t\t\t\t<img loading=\"lazy\" src=\"https:\/\/musicalite.net\/wp-content\/uploads\/2026\/03\/1.png\" alt=\"Bienvenue\" itemprop=\"image\" height=\"300\" width=\"300\" title=\"Bienvenue\" onerror=\"this.style.display='none'\"  \/>\n\t\t\t\t<\/a>\n\t<p>Saludos<\/p>\n\t\t\t\t<a href=\"https:\/\/open.spotify.com\/playlist\/65oL8Nipyi8HlWTkBWgr34?si=0538111db3c84116\" target=\"_blank\" rel=\"noopener\" itemprop=\"url\">\n\t\t\t\t<img loading=\"lazy\" src=\"https:\/\/musicalite.net\/wp-content\/uploads\/2026\/03\/14.png\" alt=\"Invierno\" itemprop=\"image\" height=\"300\" width=\"300\" title=\"Invierno\" onerror=\"this.style.display='none'\"  \/>\n\t\t\t\t<\/a>\n\t<p>Invierno<\/p>\n\t\t\t\t<a href=\"https:\/\/open.spotify.com\/playlist\/6yYxdUqhqkyjXblyez2NfY?si=02dfb596fbcf4c37\" target=\"_blank\" rel=\"noopener\" itemprop=\"url\">\n\t\t\t\t<img loading=\"lazy\" src=\"https:\/\/musicalite.net\/wp-content\/uploads\/2026\/03\/11-1.png\" alt=\"Primavera\" itemprop=\"image\" height=\"300\" width=\"300\" title=\"Primavera\" onerror=\"this.style.display='none'\"  \/>\n\t\t\t\t<\/a>\n\t<p>Primavera<\/p>\n\t\t\t\t<a href=\"https:\/\/open.spotify.com\/playlist\/4MbiBT1yyjgLLFIinagvpn?si=49770d1ffabd43be\" target=\"_blank\" rel=\"noopener\" itemprop=\"url\">\n\t\t\t\t<img loading=\"lazy\" src=\"https:\/\/musicalite.net\/wp-content\/uploads\/2026\/03\/2-1.png\" alt=\"Relaxation\" itemprop=\"image\" height=\"300\" width=\"300\" title=\"Relaxation\" onerror=\"this.style.display='none'\"  \/>\n\t\t\t\t<\/a>\n\t<p>Relajaciones<\/p>\n\t\t\t\t<a href=\"https:\/\/open.spotify.com\/playlist\/5KcUfvyMuN398xuvOTJR41?si=0cfe06429b7642e4\" target=\"_blank\" rel=\"noopener\" itemprop=\"url\">\n\t\t\t\t<img loading=\"lazy\" src=\"https:\/\/musicalite.net\/wp-content\/uploads\/2026\/03\/8.png\" alt=\"Transporte\" itemprop=\"image\" height=\"300\" width=\"300\" title=\"Transporte\" onerror=\"this.style.display='none'\"  \/>\n\t\t\t\t<\/a>\n\t<p>Transporte<\/p>\n\t\t\t\t<a href=\"https:\/\/open.spotify.com\/playlist\/62wo7Hc61O1tOxWDJnXfJJ?si=fadca492ae1e4625\" target=\"_blank\" rel=\"noopener\" itemprop=\"url\">\n\t\t\t\t<img loading=\"lazy\" src=\"https:\/\/musicalite.net\/wp-content\/uploads\/2026\/03\/7.png\" alt=\"Personnages\" itemprop=\"image\" height=\"300\" width=\"300\" title=\"Personnages\" onerror=\"this.style.display='none'\"  \/>\n\t\t\t\t<\/a>\n\t<p>Personajes<\/p>\n\t\t\t\t<a href=\"https:\/\/open.spotify.com\/playlist\/2P9l9Cwjnw7oOe8fYXa8KZ?si=3a0f0a8e3c92499c\" target=\"_blank\" rel=\"noopener\" itemprop=\"url\">\n\t\t\t\t<img loading=\"lazy\" src=\"https:\/\/musicalite.net\/wp-content\/uploads\/2026\/03\/3-1.png\" alt=\"Braingym\" itemprop=\"image\" height=\"300\" width=\"300\" title=\"Braingym\" onerror=\"this.style.display='none'\"  \/>\n\t\t\t\t<\/a>\n\t<p>Brain Gym<\/p>\n\t\t\t\t<a href=\"https:\/\/open.spotify.com\/playlist\/1WT21S1TRQklIJoak2784e?si=068910d230e94bdb\" target=\"_blank\" rel=\"noopener\" itemprop=\"url\">\n\t\t\t\t<img loading=\"lazy\" src=\"https:\/\/musicalite.net\/wp-content\/uploads\/2026\/03\/4.png\" alt=\"Cuerpo\" itemprop=\"image\" height=\"300\" width=\"300\" title=\"Cuerpo\" onerror=\"this.style.display='none'\"  \/>\n\t\t\t\t<\/a>\n\t<p>Cuerpo<\/p>\n\t\t\t\t<a href=\"https:\/\/open.spotify.com\/playlist\/4z3PE7L4ftarcUDKyi4tWC?si=e4c8af340f7b4d6e\" target=\"_blank\" rel=\"noopener\" itemprop=\"url\">\n\t\t\t\t<img loading=\"lazy\" src=\"https:\/\/musicalite.net\/wp-content\/uploads\/2026\/03\/9.png\" alt=\"Baile\" itemprop=\"image\" height=\"300\" width=\"300\" title=\"Baile\" onerror=\"this.style.display='none'\"  \/>\n\t\t\t\t<\/a>\n\t<p>Baile<\/p>\n\t\t\t\t<a href=\"https:\/\/open.spotify.com\/playlist\/28xfsD7jPPU8SmxvzNxifB?si=8655131211274ce2\" target=\"_blank\" rel=\"noopener\" itemprop=\"url\">\n\t\t\t\t<img loading=\"lazy\" src=\"https:\/\/musicalite.net\/wp-content\/uploads\/2026\/03\/5-1.png\" alt=\"Naturaleza\" itemprop=\"image\" height=\"300\" width=\"300\" title=\"Naturaleza\" onerror=\"this.style.display='none'\"  \/>\n\t\t\t\t<\/a>\n\t<p>Naturaleza<\/p>\n\t<p>Para escuchar nuestra m\u00fasica, escoge tu plateforma preferida\u00a0<a href=\"https:\/\/ffm.to\/musicalite\" target=\"_blank\" rel=\"noopener\">aqu\u00ed!<\/a><\/p>\n\n","protected":false},"excerpt":{"rendered":"<p>Una m\u00fasica especialmente creada para los ni\u00f1os DISCOGRAF\u00cdA Nuestra m\u00fasica est\u00e1 pensada para ofrecer una experiencia musical divertida, en movimiento, para cantar y bailar. Nuestra m\u00fasica se encuentra actualmente publicada en franc\u00e9s e ingl\u00e9s, convirti\u00e9donse as\u00ed en una maravillosa oportunidad para aprender otro idioma, cantando. Busca el idioma de tu preferencia en la parte superior &hellip;<\/p>\n<p class=\"read-more\"> <a class=\"\" href=\"https:\/\/musicalite.net\/es\/musica-para-ninos\/\"> <span class=\"screen-reader-text\">M\u00fasica para ni\u00f1os<\/span> Leer m\u00e1s \u00bb<\/a><\/p>\n","protected":false},"author":1,"featured_media":0,"parent":0,"menu_order":0,"comment_status":"closed","ping_status":"closed","template":"","meta":{"_mi_skip_tracking":false,"site-sidebar-layout":"no-sidebar","site-content-layout":"page-builder","ast-global-header-display":"","ast-main-header-display":"","ast-hfb-above-header-display":"","ast-hfb-below-header-display":"","ast-hfb-mobile-header-display":"disabled","site-post-title":"disabled","ast-breadcrumbs-content":"disabled","ast-featured-img":"disabled","footer-sml-layout":"disabled","theme-transparent-header-meta":"default","adv-header-id-meta":"","stick-header-meta":"default","header-above-stick-meta":"","header-main-stick-meta":"","header-below-stick-meta":""},"yoast_head":"<!-- This site is optimized with the Yoast SEO plugin v20.1 - https:\/\/yoast.com\/wordpress\/plugins\/seo\/ -->\n<title>M\u00fasica para ni\u00f1os - Musicalite<\/title>\n<meta name=\"description\" content=\"Des outils puissants et captivants au service du d\u00e9veloppement des enfants. Toutoui, un programme de musique et de mouvement efficace.\" \/>\n<meta name=\"robots\" content=\"index, follow, max-snippet:-1, max-image-preview:large, max-video-preview:-1\" \/>\n<link rel=\"canonical\" href=\"https:\/\/musicalite.net\/es\/musica-para-ninos\/\" \/>\n<meta property=\"og:locale\" content=\"es_ES\" \/>\n<meta property=\"og:type\" content=\"article\" \/>\n<meta property=\"og:title\" content=\"M\u00fasica para ni\u00f1os - Musicalite\" \/>\n<meta property=\"og:description\" content=\"Outils puissants et captivants au service du d\u00e9veloppement\" \/>\n<meta property=\"og:url\" content=\"https:\/\/musicalite.net\/es\/musica-para-ninos\/\" \/>\n<meta property=\"og:site_name\" content=\"Musicalite\" \/>\n<meta property=\"article:publisher\" content=\"https:\/\/www.facebook.com\/musicalite.net\" \/>\n<meta property=\"article:modified_time\" content=\"2026-03-25T22:19:59+00:00\" \/>\n<meta property=\"og:image\" content=\"https:\/\/toutoui.musicalite.net\/wp-content\/uploads\/2021\/11\/Capture-decran-le-2021-11-17-a-14.38.50.png\" \/>\n<meta name=\"twitter:card\" content=\"summary_large_image\" \/>\n<meta name=\"twitter:title\" content=\"Toutoui programme musique et mouvement en ligne pour les enfants de 0 \u00e0 6 ans\" \/>\n<meta name=\"twitter:description\" content=\"Outils puissants et captivants au service du d\u00e9veloppement\" \/>\n<meta name=\"twitter:image\" content=\"https:\/\/toutoui.musicalite.net\/wp-content\/uploads\/2021\/11\/Capture-decran-le-2021-11-17-a-14.38.50.png\" \/>\n<meta name=\"twitter:label1\" content=\"Tiempo de lectura\" \/>\n\t<meta name=\"twitter:data1\" content=\"2 minutes\" \/>\n<script type=\"application\/ld+json\" class=\"yoast-schema-graph\">{\"@context\":\"https:\/\/schema.org\",\"@graph\":[{\"@type\":\"WebPage\",\"@id\":\"https:\/\/musicalite.net\/es\/musica-para-ninos\/\",\"url\":\"https:\/\/musicalite.net\/es\/musica-para-ninos\/\",\"name\":\"M\u00fasica para ni\u00f1os - Musicalite\",\"isPartOf\":{\"@id\":\"https:\/\/musicalite.net\/#website\"},\"datePublished\":\"2022-10-19T15:31:08+00:00\",\"dateModified\":\"2026-03-25T22:19:59+00:00\",\"description\":\"Des outils puissants et captivants au service du d\u00e9veloppement des enfants. Toutoui, un programme de musique et de mouvement efficace.\",\"breadcrumb\":{\"@id\":\"https:\/\/musicalite.net\/es\/musica-para-ninos\/#breadcrumb\"},\"inLanguage\":\"es-ES\",\"potentialAction\":[{\"@type\":\"ReadAction\",\"target\":[\"https:\/\/musicalite.net\/es\/musica-para-ninos\/\"]}]},{\"@type\":\"BreadcrumbList\",\"@id\":\"https:\/\/musicalite.net\/es\/musica-para-ninos\/#breadcrumb\",\"itemListElement\":[{\"@type\":\"ListItem\",\"position\":1,\"name\":\"Home\",\"item\":\"https:\/\/musicalite.net\/es\/\"},{\"@type\":\"ListItem\",\"position\":2,\"name\":\"M\u00fasica para ni\u00f1os\"}]},{\"@type\":\"WebSite\",\"@id\":\"https:\/\/musicalite.net\/#website\",\"url\":\"https:\/\/musicalite.net\/\",\"name\":\"Musicalite\",\"description\":\"Musicalite - music experience for young children!\",\"publisher\":{\"@id\":\"https:\/\/musicalite.net\/#organization\"},\"potentialAction\":[{\"@type\":\"SearchAction\",\"target\":{\"@type\":\"EntryPoint\",\"urlTemplate\":\"https:\/\/musicalite.net\/?s={search_term_string}\"},\"query-input\":\"required name=search_term_string\"}],\"inLanguage\":\"es-ES\"},{\"@type\":\"Organization\",\"@id\":\"https:\/\/musicalite.net\/#organization\",\"name\":\"Musicalite\",\"url\":\"https:\/\/musicalite.net\/\",\"logo\":{\"@type\":\"ImageObject\",\"inLanguage\":\"es-ES\",\"@id\":\"https:\/\/musicalite.net\/#\/schema\/logo\/image\/\",\"url\":\"https:\/\/musicalite.net\/wp-content\/uploads\/2022\/10\/LOGO-EN-INGLES-NUEVO.png\",\"contentUrl\":\"https:\/\/musicalite.net\/wp-content\/uploads\/2022\/10\/LOGO-EN-INGLES-NUEVO.png\",\"width\":1780,\"height\":701,\"caption\":\"Musicalite\"},\"image\":{\"@id\":\"https:\/\/musicalite.net\/#\/schema\/logo\/image\/\"},\"sameAs\":[\"https:\/\/www.facebook.com\/musicalite.net\"]}]}<\/script>\n<!-- \/ Yoast SEO plugin. -->","yoast_head_json":{"title":"M\u00fasica para ni\u00f1os - Musicalite","description":"Des outils puissants et captivants au service du d\u00e9veloppement des enfants. Toutoui, un programme de musique et de mouvement efficace.","robots":{"index":"index","follow":"follow","max-snippet":"max-snippet:-1","max-image-preview":"max-image-preview:large","max-video-preview":"max-video-preview:-1"},"canonical":"https:\/\/musicalite.net\/es\/musica-para-ninos\/","og_locale":"es_ES","og_type":"article","og_title":"M\u00fasica para ni\u00f1os - Musicalite","og_description":"Outils puissants et captivants au service du d\u00e9veloppement","og_url":"https:\/\/musicalite.net\/es\/musica-para-ninos\/","og_site_name":"Musicalite","article_publisher":"https:\/\/www.facebook.com\/musicalite.net","article_modified_time":"2026-03-25T22:19:59+00:00","og_image":[{"url":"https:\/\/toutoui.musicalite.net\/wp-content\/uploads\/2021\/11\/Capture-decran-le-2021-11-17-a-14.38.50.png"}],"twitter_card":"summary_large_image","twitter_title":"Toutoui programme musique et mouvement en ligne pour les enfants de 0 \u00e0 6 ans","twitter_description":"Outils puissants et captivants au service du d\u00e9veloppement","twitter_image":"https:\/\/toutoui.musicalite.net\/wp-content\/uploads\/2021\/11\/Capture-decran-le-2021-11-17-a-14.38.50.png","twitter_misc":{"Tiempo de lectura":"2 minutes"},"schema":{"@context":"https:\/\/schema.org","@graph":[{"@type":"WebPage","@id":"https:\/\/musicalite.net\/es\/musica-para-ninos\/","url":"https:\/\/musicalite.net\/es\/musica-para-ninos\/","name":"M\u00fasica para ni\u00f1os - Musicalite","isPartOf":{"@id":"https:\/\/musicalite.net\/#website"},"datePublished":"2022-10-19T15:31:08+00:00","dateModified":"2026-03-25T22:19:59+00:00","description":"Des outils puissants et captivants au service du d\u00e9veloppement des enfants. Toutoui, un programme de musique et de mouvement efficace.","breadcrumb":{"@id":"https:\/\/musicalite.net\/es\/musica-para-ninos\/#breadcrumb"},"inLanguage":"es-ES","potentialAction":[{"@type":"ReadAction","target":["https:\/\/musicalite.net\/es\/musica-para-ninos\/"]}]},{"@type":"BreadcrumbList","@id":"https:\/\/musicalite.net\/es\/musica-para-ninos\/#breadcrumb","itemListElement":[{"@type":"ListItem","position":1,"name":"Home","item":"https:\/\/musicalite.net\/es\/"},{"@type":"ListItem","position":2,"name":"M\u00fasica para ni\u00f1os"}]},{"@type":"WebSite","@id":"https:\/\/musicalite.net\/#website","url":"https:\/\/musicalite.net\/","name":"Musicalite","description":"Musicalite - music experience for young children!","publisher":{"@id":"https:\/\/musicalite.net\/#organization"},"potentialAction":[{"@type":"SearchAction","target":{"@type":"EntryPoint","urlTemplate":"https:\/\/musicalite.net\/?s={search_term_string}"},"query-input":"required name=search_term_string"}],"inLanguage":"es-ES"},{"@type":"Organization","@id":"https:\/\/musicalite.net\/#organization","name":"Musicalite","url":"https:\/\/musicalite.net\/","logo":{"@type":"ImageObject","inLanguage":"es-ES","@id":"https:\/\/musicalite.net\/#\/schema\/logo\/image\/","url":"https:\/\/musicalite.net\/wp-content\/uploads\/2022\/10\/LOGO-EN-INGLES-NUEVO.png","contentUrl":"https:\/\/musicalite.net\/wp-content\/uploads\/2022\/10\/LOGO-EN-INGLES-NUEVO.png","width":1780,"height":701,"caption":"Musicalite"},"image":{"@id":"https:\/\/musicalite.net\/#\/schema\/logo\/image\/"},"sameAs":["https:\/\/www.facebook.com\/musicalite.net"]}]}},"_links":{"self":[{"href":"https:\/\/musicalite.net\/es\/wp-json\/wp\/v2\/pages\/7723"}],"collection":[{"href":"https:\/\/musicalite.net\/es\/wp-json\/wp\/v2\/pages"}],"about":[{"href":"https:\/\/musicalite.net\/es\/wp-json\/wp\/v2\/types\/page"}],"author":[{"embeddable":true,"href":"https:\/\/musicalite.net\/es\/wp-json\/wp\/v2\/users\/1"}],"replies":[{"embeddable":true,"href":"https:\/\/musicalite.net\/es\/wp-json\/wp\/v2\/comments?post=7723"}],"version-history":[{"count":13,"href":"https:\/\/musicalite.net\/es\/wp-json\/wp\/v2\/pages\/7723\/revisions"}],"predecessor-version":[{"id":9166,"href":"https:\/\/musicalite.net\/es\/wp-json\/wp\/v2\/pages\/7723\/revisions\/9166"}],"wp:attachment":[{"href":"https:\/\/musicalite.net\/es\/wp-json\/wp\/v2\/media?parent=7723"}],"curies":[{"name":"wp","href":"https:\/\/api.w.org\/{rel}","templated":true}]}}