{"id":7685,"date":"2022-09-12T17:48:55","date_gmt":"2022-09-12T17:48:55","guid":{"rendered":"https:\/\/toutoui.musicalite.net\/musicalite-brain-gym\/"},"modified":"2026-02-10T23:47:11","modified_gmt":"2026-02-10T23:47:11","slug":"brain-gym","status":"publish","type":"page","link":"https:\/\/musicalite.net\/es\/brain-gym\/","title":{"rendered":"Brain Gym"},"content":{"rendered":"\n\n\t<p>Usando Brain Gym para facilitar el aprendizaje<\/p>\n\t<p>Durante nuestras clases, realizamos un Brain Gym\u00ae &#8220;enriquecido&#8221; en la media que cada grupo de movimientos se encuentra acompa\u00f1ado por una m\u00fasica especial que gu\u00eda a los peque\u00f1os. De esta manera, ellos se dejan llevar por esta exp\u00e9rience realizando los movimientos con placer y de manera l\u00fadica.<\/p>\n<p>Los ni\u00f1os trabajan as\u00ed competencias como la escucha, la pulsaci\u00f3n y la consciencia sobre los cambios r\u00edtmicos, aparte de recibir los beneficios del Brain Gym.<\/p>\n\t\t\t\t<img loading=\"lazy\" src=\"https:\/\/musicalite.net\/wp-content\/uploads\/2023\/05\/7.png\" alt=\"braingym\" itemprop=\"image\" height=\"788\" width=\"940\" title=\"braingym\" onerror=\"this.style.display='none'\"  \/>\n<h1>\n\t\tQu\u00e9 es el Brain Gym\u00ae?\n\t<\/h1>\n\t<p>Los ejercicios de\u00a0<a href=\"https:\/\/www.braingym.com\/\">Brain Gym\u00ae<\/a>\u00a0 son 26 movimientos que nos recuerdan aquellos realizados naturalmente durante los primeros a\u00f1os de vida. Estos coordinan movimientos de los ojos, las orejas, las manos y el cuerpo. Dichos movimientos fueron creados por el Dr. Paul E. Dennison et Gail E. Dennison.<\/p>\n\t<p>Dichos ejericios fueron creados sobre el reconcimiento de la interdependencia que existe entre el movimiento, el conocimiento y el aprendizaje.<\/p>\n\t\t\t\t<img src=\"https:\/\/toutoui.musicalite.net\/wp-content\/uploads\/2022\/10\/renard-190221-135.jpg\" alt=\"gato2016\" title=\"gato2016\" itemprop=\"image\"  \/>\n<h1>\n\t\tEl ECAP \n\t<\/h1>\n<p>El ECAP (Energ\u00eda, Claridad, Actividad y Positivismo) hacen parte de los movimientos de BrainGym\u00ae. Estos ejercicios despiertan nuestros sentidos y preparan nuestro cuerpo y cerebro a mejor integrar nuestros aprendizajes.<\/p>\n<p>Esta es la secuencia del ECAP. Puedes darle clic a la imagen para verla grande.<\/p>\n<h1>\n\t\tPlaylist ECAP\n\t<\/h1>\n\t<p>Encontrar\u00e1s las canciones que hemos creado cuidadosamente para realizar el ECAP de una manera r\u00edtmica. Dale click al \u00edcono.<\/p>\n\t\t\t\t<a href=\"https:\/\/open.spotify.com\/playlist\/2P9l9Cwjnw7oOe8fYXa8KZ?si=2aa5ee7b48ab4213\" target=\"_blank\" rel=\"noopener\" itemprop=\"url\">\n\t\t\t\t<img loading=\"lazy\" src=\"https:\/\/musicalite.net\/wp-content\/uploads\/2026\/02\/BRAIN-GYM.png\" alt=\"BRAIN-GYM\" itemprop=\"image\" height=\"264\" width=\"819\" title=\"BRAIN-GYM\" onerror=\"this.style.display='none'\"  \/>\n\t\t\t\t<\/a>\n<h1>\n\t\tEl ECAP en video\n\t<\/h1>\n\t<p>En este ECAP, uno de los primeros realizados por nosotros, cuenta de unas mariposas que quieren explorar el mundo que los rodea. Un payaso camina alegremente por el bosque y empieza a bailar. \u00a1Est\u00e1 muy feliz! Al final, luego de tanto movimiento es tiempo de descansar. Las mariposas cierran sus ojos y reposan sus alas.<\/p>\n\t<iframe loading=\"lazy\" title=\"Ecap Musicalite ClownEtPapillon 1\" width=\"500\" height=\"281\" src=\"https:\/\/www.youtube.com\/embed\/jDoW3Fnc8AY?feature=oembed\" frameborder=\"0\" allow=\"accelerometer; autoplay; clipboard-write; encrypted-media; gyroscope; picture-in-picture\" allowfullscreen><\/iframe>\n\t\t\t<a href=\"https:\/\/musicalite.net\/es\/contacto\/\" target=\"_blank\" role=\"button\" rel=\"noopener\">\n\t\t\t\t\t\t\tCONT\u00c1CTANOS\n\t\t\t\t\t<\/a>\n\n","protected":false},"excerpt":{"rendered":"<p>Usando Brain Gym para facilitar el aprendizaje Durante nuestras clases, realizamos un Brain Gym\u00ae &#8220;enriquecido&#8221; en la media que cada grupo de movimientos se encuentra acompa\u00f1ado por una m\u00fasica especial que gu\u00eda a los peque\u00f1os. De esta manera, ellos se dejan llevar por esta exp\u00e9rience realizando los movimientos con placer y de manera l\u00fadica. Los &hellip;<\/p>\n<p class=\"read-more\"> <a class=\"\" href=\"https:\/\/musicalite.net\/es\/brain-gym\/\"> <span class=\"screen-reader-text\">Brain Gym<\/span> Leer m\u00e1s \u00bb<\/a><\/p>\n","protected":false},"author":1,"featured_media":0,"parent":0,"menu_order":0,"comment_status":"closed","ping_status":"closed","template":"","meta":{"_mi_skip_tracking":false,"site-sidebar-layout":"no-sidebar","site-content-layout":"page-builder","ast-global-header-display":"","ast-main-header-display":"","ast-hfb-above-header-display":"","ast-hfb-below-header-display":"","ast-hfb-mobile-header-display":"disabled","site-post-title":"disabled","ast-breadcrumbs-content":"disabled","ast-featured-img":"disabled","footer-sml-layout":"disabled","theme-transparent-header-meta":"default","adv-header-id-meta":"","stick-header-meta":"default","header-above-stick-meta":"","header-main-stick-meta":"","header-below-stick-meta":""},"yoast_head":"<!-- This site is optimized with the Yoast SEO plugin v20.1 - https:\/\/yoast.com\/wordpress\/plugins\/seo\/ -->\n<title>Brain Gym - Musicalite<\/title>\n<meta name=\"description\" content=\"Des outils puissants et captivants au service du d\u00e9veloppement des enfants. Toutoui, un programme de musique et de mouvement efficace.\" \/>\n<meta name=\"robots\" content=\"index, follow, max-snippet:-1, max-image-preview:large, max-video-preview:-1\" \/>\n<link rel=\"canonical\" href=\"https:\/\/musicalite.net\/es\/brain-gym\/\" \/>\n<meta property=\"og:locale\" content=\"es_ES\" \/>\n<meta property=\"og:type\" content=\"article\" \/>\n<meta property=\"og:title\" content=\"Brain Gym - Musicalite\" \/>\n<meta property=\"og:description\" content=\"Outils puissants et captivants au service du d\u00e9veloppement\" \/>\n<meta property=\"og:url\" content=\"https:\/\/musicalite.net\/es\/brain-gym\/\" \/>\n<meta property=\"og:site_name\" content=\"Musicalite\" \/>\n<meta property=\"article:publisher\" content=\"https:\/\/www.facebook.com\/musicalite.net\" \/>\n<meta property=\"article:modified_time\" content=\"2026-02-10T23:47:11+00:00\" \/>\n<meta property=\"og:image\" content=\"https:\/\/toutoui.musicalite.net\/wp-content\/uploads\/2021\/11\/Capture-decran-le-2021-11-17-a-14.38.50.png\" \/>\n<meta name=\"twitter:card\" content=\"summary_large_image\" \/>\n<meta name=\"twitter:title\" content=\"Toutoui programme musique et mouvement en ligne pour les enfants de 0 \u00e0 6 ans\" \/>\n<meta name=\"twitter:description\" content=\"Outils puissants et captivants au service du d\u00e9veloppement\" \/>\n<meta name=\"twitter:image\" content=\"https:\/\/toutoui.musicalite.net\/wp-content\/uploads\/2021\/11\/Capture-decran-le-2021-11-17-a-14.38.50.png\" \/>\n<meta name=\"twitter:label1\" content=\"Tiempo de lectura\" \/>\n\t<meta name=\"twitter:data1\" content=\"2 minutes\" \/>\n<script type=\"application\/ld+json\" class=\"yoast-schema-graph\">{\"@context\":\"https:\/\/schema.org\",\"@graph\":[{\"@type\":\"WebPage\",\"@id\":\"https:\/\/musicalite.net\/es\/brain-gym\/\",\"url\":\"https:\/\/musicalite.net\/es\/brain-gym\/\",\"name\":\"Brain Gym - Musicalite\",\"isPartOf\":{\"@id\":\"https:\/\/musicalite.net\/#website\"},\"datePublished\":\"2022-09-12T17:48:55+00:00\",\"dateModified\":\"2026-02-10T23:47:11+00:00\",\"description\":\"Des outils puissants et captivants au service du d\u00e9veloppement des enfants. Toutoui, un programme de musique et de mouvement efficace.\",\"breadcrumb\":{\"@id\":\"https:\/\/musicalite.net\/es\/brain-gym\/#breadcrumb\"},\"inLanguage\":\"es-ES\",\"potentialAction\":[{\"@type\":\"ReadAction\",\"target\":[\"https:\/\/musicalite.net\/es\/brain-gym\/\"]}]},{\"@type\":\"BreadcrumbList\",\"@id\":\"https:\/\/musicalite.net\/es\/brain-gym\/#breadcrumb\",\"itemListElement\":[{\"@type\":\"ListItem\",\"position\":1,\"name\":\"Home\",\"item\":\"https:\/\/musicalite.net\/es\/\"},{\"@type\":\"ListItem\",\"position\":2,\"name\":\"Brain Gym\"}]},{\"@type\":\"WebSite\",\"@id\":\"https:\/\/musicalite.net\/#website\",\"url\":\"https:\/\/musicalite.net\/\",\"name\":\"Musicalite\",\"description\":\"Musicalite - music experience for young children!\",\"publisher\":{\"@id\":\"https:\/\/musicalite.net\/#organization\"},\"potentialAction\":[{\"@type\":\"SearchAction\",\"target\":{\"@type\":\"EntryPoint\",\"urlTemplate\":\"https:\/\/musicalite.net\/?s={search_term_string}\"},\"query-input\":\"required name=search_term_string\"}],\"inLanguage\":\"es-ES\"},{\"@type\":\"Organization\",\"@id\":\"https:\/\/musicalite.net\/#organization\",\"name\":\"Musicalite\",\"url\":\"https:\/\/musicalite.net\/\",\"logo\":{\"@type\":\"ImageObject\",\"inLanguage\":\"es-ES\",\"@id\":\"https:\/\/musicalite.net\/#\/schema\/logo\/image\/\",\"url\":\"https:\/\/musicalite.net\/wp-content\/uploads\/2022\/10\/LOGO-EN-INGLES-NUEVO.png\",\"contentUrl\":\"https:\/\/musicalite.net\/wp-content\/uploads\/2022\/10\/LOGO-EN-INGLES-NUEVO.png\",\"width\":1780,\"height\":701,\"caption\":\"Musicalite\"},\"image\":{\"@id\":\"https:\/\/musicalite.net\/#\/schema\/logo\/image\/\"},\"sameAs\":[\"https:\/\/www.facebook.com\/musicalite.net\"]}]}<\/script>\n<!-- \/ Yoast SEO plugin. -->","yoast_head_json":{"title":"Brain Gym - Musicalite","description":"Des outils puissants et captivants au service du d\u00e9veloppement des enfants. Toutoui, un programme de musique et de mouvement efficace.","robots":{"index":"index","follow":"follow","max-snippet":"max-snippet:-1","max-image-preview":"max-image-preview:large","max-video-preview":"max-video-preview:-1"},"canonical":"https:\/\/musicalite.net\/es\/brain-gym\/","og_locale":"es_ES","og_type":"article","og_title":"Brain Gym - Musicalite","og_description":"Outils puissants et captivants au service du d\u00e9veloppement","og_url":"https:\/\/musicalite.net\/es\/brain-gym\/","og_site_name":"Musicalite","article_publisher":"https:\/\/www.facebook.com\/musicalite.net","article_modified_time":"2026-02-10T23:47:11+00:00","og_image":[{"url":"https:\/\/toutoui.musicalite.net\/wp-content\/uploads\/2021\/11\/Capture-decran-le-2021-11-17-a-14.38.50.png"}],"twitter_card":"summary_large_image","twitter_title":"Toutoui programme musique et mouvement en ligne pour les enfants de 0 \u00e0 6 ans","twitter_description":"Outils puissants et captivants au service du d\u00e9veloppement","twitter_image":"https:\/\/toutoui.musicalite.net\/wp-content\/uploads\/2021\/11\/Capture-decran-le-2021-11-17-a-14.38.50.png","twitter_misc":{"Tiempo de lectura":"2 minutes"},"schema":{"@context":"https:\/\/schema.org","@graph":[{"@type":"WebPage","@id":"https:\/\/musicalite.net\/es\/brain-gym\/","url":"https:\/\/musicalite.net\/es\/brain-gym\/","name":"Brain Gym - Musicalite","isPartOf":{"@id":"https:\/\/musicalite.net\/#website"},"datePublished":"2022-09-12T17:48:55+00:00","dateModified":"2026-02-10T23:47:11+00:00","description":"Des outils puissants et captivants au service du d\u00e9veloppement des enfants. Toutoui, un programme de musique et de mouvement efficace.","breadcrumb":{"@id":"https:\/\/musicalite.net\/es\/brain-gym\/#breadcrumb"},"inLanguage":"es-ES","potentialAction":[{"@type":"ReadAction","target":["https:\/\/musicalite.net\/es\/brain-gym\/"]}]},{"@type":"BreadcrumbList","@id":"https:\/\/musicalite.net\/es\/brain-gym\/#breadcrumb","itemListElement":[{"@type":"ListItem","position":1,"name":"Home","item":"https:\/\/musicalite.net\/es\/"},{"@type":"ListItem","position":2,"name":"Brain Gym"}]},{"@type":"WebSite","@id":"https:\/\/musicalite.net\/#website","url":"https:\/\/musicalite.net\/","name":"Musicalite","description":"Musicalite - music experience for young children!","publisher":{"@id":"https:\/\/musicalite.net\/#organization"},"potentialAction":[{"@type":"SearchAction","target":{"@type":"EntryPoint","urlTemplate":"https:\/\/musicalite.net\/?s={search_term_string}"},"query-input":"required name=search_term_string"}],"inLanguage":"es-ES"},{"@type":"Organization","@id":"https:\/\/musicalite.net\/#organization","name":"Musicalite","url":"https:\/\/musicalite.net\/","logo":{"@type":"ImageObject","inLanguage":"es-ES","@id":"https:\/\/musicalite.net\/#\/schema\/logo\/image\/","url":"https:\/\/musicalite.net\/wp-content\/uploads\/2022\/10\/LOGO-EN-INGLES-NUEVO.png","contentUrl":"https:\/\/musicalite.net\/wp-content\/uploads\/2022\/10\/LOGO-EN-INGLES-NUEVO.png","width":1780,"height":701,"caption":"Musicalite"},"image":{"@id":"https:\/\/musicalite.net\/#\/schema\/logo\/image\/"},"sameAs":["https:\/\/www.facebook.com\/musicalite.net"]}]}},"_links":{"self":[{"href":"https:\/\/musicalite.net\/es\/wp-json\/wp\/v2\/pages\/7685"}],"collection":[{"href":"https:\/\/musicalite.net\/es\/wp-json\/wp\/v2\/pages"}],"about":[{"href":"https:\/\/musicalite.net\/es\/wp-json\/wp\/v2\/types\/page"}],"author":[{"embeddable":true,"href":"https:\/\/musicalite.net\/es\/wp-json\/wp\/v2\/users\/1"}],"replies":[{"embeddable":true,"href":"https:\/\/musicalite.net\/es\/wp-json\/wp\/v2\/comments?post=7685"}],"version-history":[{"count":11,"href":"https:\/\/musicalite.net\/es\/wp-json\/wp\/v2\/pages\/7685\/revisions"}],"predecessor-version":[{"id":9072,"href":"https:\/\/musicalite.net\/es\/wp-json\/wp\/v2\/pages\/7685\/revisions\/9072"}],"wp:attachment":[{"href":"https:\/\/musicalite.net\/es\/wp-json\/wp\/v2\/media?parent=7685"}],"curies":[{"name":"wp","href":"https:\/\/api.w.org\/{rel}","templated":true}]}}